{"id":9,"date":"2018-05-10T15:32:19","date_gmt":"2018-05-10T13:32:19","guid":{"rendered":"http:\/\/laracapelle-psychologue.fr\/?page_id=9"},"modified":"2024-04-29T11:06:33","modified_gmt":"2024-04-29T09:06:33","slug":"quand-consulter","status":"publish","type":"page","link":"https:\/\/laracapelle-psychologue.fr\/?page_id=9","title":{"rendered":"Quand consulter ?"},"content":{"rendered":"<div class=\"wp-block-image\">\r\n<figure class=\"aligncenter\"><img loading=\"lazy\" decoding=\"async\" width=\"300\" height=\"228\" class=\"wp-image-440\" src=\"https:\/\/laracapelle-psychologue.fr\/wp-content\/uploads\/2020\/05\/Adultes4-406x308-300x228.png\" alt=\"\" srcset=\"https:\/\/laracapelle-psychologue.fr\/wp-content\/uploads\/2020\/05\/Adultes4-406x308-300x228.png 300w, https:\/\/laracapelle-psychologue.fr\/wp-content\/uploads\/2020\/05\/Adultes4-406x308.png 406w\" sizes=\"auto, (max-width: 300px) 100vw, 300px\" \/><\/figure>\r\n<\/div>\r\n\r\n\r\n<p>&nbsp;<\/p>\r\n\r\n\r\n\r\n<p>&nbsp;<\/p>\r\n\r\n\r\n\r\n<p class=\"has-background\" style=\"background-color: #f5ebec;\"><span style=\"font-family: 'trebuchet ms', geneva, sans-serif;\">Les \u00e9v\u00e8nements de vie sont des situations sur lesquelles nous n&rsquo;avons pas de prise et que nous subissons<\/span><\/p>\r\n<p><span style=\"font-family: 'trebuchet ms', geneva, sans-serif;\">\r\n\r\n<\/span><\/p>\r\n<ul class=\"wp-block-list\">\r\n<li><span style=\"font-family: 'trebuchet ms', geneva, sans-serif;\">Maladie, vieillissement, deuil, solitude,<\/span><\/li>\r\n\r\n\r\n\r\n<li><span style=\"font-family: 'trebuchet ms', geneva, sans-serif;\">S\u00e9paration, divorce,<\/span><\/li>\r\n\r\n\r\n\r\n<li><span style=\"font-family: 'trebuchet ms', geneva, sans-serif;\">Ch\u00f4mage,<\/span><\/li>\r\n\r\n\r\n\r\n<li><span style=\"font-family: 'trebuchet ms', geneva, sans-serif;\">Agression physique,<\/span><\/li>\r\n\r\n\r\n\r\n<li><span style=\"font-family: 'trebuchet ms', geneva, sans-serif;\">Accident,<\/span><\/li>\r\n\r\n\r\n\r\n<li><span style=\"font-family: 'trebuchet ms', geneva, sans-serif;\">Naissance d&rsquo;un enfant,<\/span><\/li>\r\n\r\n\r\n\r\n<li><span style=\"font-family: 'trebuchet ms', geneva, sans-serif;\">Handicap, \u2026<\/span><\/li>\r\n<\/ul>\r\n<p><span style=\"font-family: 'trebuchet ms', geneva, sans-serif;\">\r\n\r\n<\/span><\/p>\r\n<p class=\"has-background\" style=\"background-color: #f5ebec;\"><span style=\"font-family: 'trebuchet ms', geneva, sans-serif;\">Ces \u00e9preuves peuvent nous d\u00e9stabiliser au point d&rsquo;\u00eatre la cause de sympt\u00f4mes<\/span><\/p>\r\n<p><span style=\"font-family: 'trebuchet ms', geneva, sans-serif;\">\r\n\r\n<\/span><\/p>\r\n<ul class=\"wp-block-list\">\r\n<li><span style=\"font-family: 'trebuchet ms', geneva, sans-serif;\">Troubles du sommeil,<\/span><\/li>\r\n\r\n\r\n\r\n<li><span style=\"font-family: 'trebuchet ms', geneva, sans-serif;\">Troubles de l&rsquo;alimentation,<\/span><\/li>\r\n\r\n\r\n\r\n<li><span style=\"font-family: 'trebuchet ms', geneva, sans-serif;\">Troubles de l&rsquo;humeur,<\/span><\/li>\r\n\r\n\r\n\r\n<li><span style=\"font-family: 'trebuchet ms', geneva, sans-serif;\">Migraines,<\/span><\/li>\r\n\r\n\r\n\r\n<li><span style=\"font-family: 'trebuchet ms', geneva, sans-serif;\">Angoisses, &#8230;<\/span>\r\n<p style=\"text-align: justify; text-justify: inter-ideograph;\">\u00a0<\/p>\r\n<\/li>\r\n<\/ul>\r\n<p><span style=\"font-family: 'trebuchet ms', geneva, sans-serif;\">\r\n\r\n<\/span><\/p>\r\n<p class=\"has-background\" style=\"background-color: #f5ebec;\"><span style=\"font-family: 'trebuchet ms', geneva, sans-serif;\">Qui, s&rsquo;ils ne sont pas trait\u00e9s rapidement peuvent entra\u00eener des troubles plus profonds<\/span><\/p>\r\n<p><span style=\"font-family: 'trebuchet ms', geneva, sans-serif;\">\r\n\r\n<\/span><\/p>\r\n<ul class=\"wp-block-list\">\r\n<li><span style=\"font-family: 'trebuchet ms', geneva, sans-serif;\">Troubles anxieux,<\/span><\/li>\r\n\r\n\r\n\r\n<li><span style=\"font-family: 'trebuchet ms', geneva, sans-serif;\">D\u00e9pression,<\/span><\/li>\r\n\r\n\r\n\r\n<li><span style=\"font-family: 'trebuchet ms', geneva, sans-serif;\">Perte de l&rsquo;estime de soi, &#8230;<\/span><\/li>\r\n<\/ul>\r\n<p><span style=\"font-family: 'trebuchet ms', geneva, sans-serif;\">\r\n\r\n<\/span><\/p>\r\n<p class=\"has-background\" style=\"background-color: #bcf9e1;\"><span style=\"font-family: 'trebuchet ms', geneva, sans-serif;\">Dans ce cadre, mon r\u00f4le sera de vous \u00e9couter, mais aussi de faciliter votre parole en posant des questions, en reformulant vos propos, en \u00e9mettant des hypoth\u00e8ses quant \u00e0 l&rsquo;origine de vos difficult\u00e9s, afin de vous aider \u00e0 les r\u00e9soudre.<\/span><\/p>\r\n","protected":false},"excerpt":{"rendered":"<p>&nbsp; &nbsp; Les \u00e9v\u00e8nements de vie sont des situations sur lesquelles nous n&rsquo;avons pas de prise et que nous subissons Ces \u00e9preuves peuvent nous d\u00e9stabiliser au point d&rsquo;\u00eatre la cause de sympt\u00f4mes Qui, s&rsquo;ils ne sont pas trait\u00e9s rapidement peuvent entra\u00eener des troubles plus profonds Dans ce cadre, mon r\u00f4le sera de vous \u00e9couter, mais &hellip; <\/p>\n<p class=\"link-more\"><a href=\"https:\/\/laracapelle-psychologue.fr\/?page_id=9\" class=\"more-link\">Continuer la lecture<span class=\"screen-reader-text\"> de &laquo;&nbsp;Quand consulter ?&nbsp;&raquo;<\/span><\/a><\/p>\n","protected":false},"author":1,"featured_media":0,"parent":0,"menu_order":2,"comment_status":"closed","ping_status":"closed","template":"","meta":{"footnotes":""},"class_list":["post-9","page","type-page","status-publish","hentry"],"_links":{"self":[{"href":"https:\/\/laracapelle-psychologue.fr\/index.php?rest_route=\/wp\/v2\/pages\/9","targetHints":{"allow":["GET"]}}],"collection":[{"href":"https:\/\/laracapelle-psychologue.fr\/index.php?rest_route=\/wp\/v2\/pages"}],"about":[{"href":"https:\/\/laracapelle-psychologue.fr\/index.php?rest_route=\/wp\/v2\/types\/page"}],"author":[{"embeddable":true,"href":"https:\/\/laracapelle-psychologue.fr\/index.php?rest_route=\/wp\/v2\/users\/1"}],"replies":[{"embeddable":true,"href":"https:\/\/laracapelle-psychologue.fr\/index.php?rest_route=%2Fwp%2Fv2%2Fcomments&post=9"}],"version-history":[{"count":28,"href":"https:\/\/laracapelle-psychologue.fr\/index.php?rest_route=\/wp\/v2\/pages\/9\/revisions"}],"predecessor-version":[{"id":708,"href":"https:\/\/laracapelle-psychologue.fr\/index.php?rest_route=\/wp\/v2\/pages\/9\/revisions\/708"}],"wp:attachment":[{"href":"https:\/\/laracapelle-psychologue.fr\/index.php?rest_route=%2Fwp%2Fv2%2Fmedia&parent=9"}],"curies":[{"name":"wp","href":"https:\/\/api.w.org\/{rel}","templated":true}]}}